{"id":65,"date":"2012-12-12T11:20:08","date_gmt":"2012-12-12T11:20:08","guid":{"rendered":"http:\/\/cortinascia.it\/?page_id=65"},"modified":"2012-12-12T11:20:08","modified_gmt":"2012-12-12T11:20:08","slug":"privacy","status":"publish","type":"page","link":"https:\/\/cortinascia.it\/index.php\/privacy\/","title":{"rendered":"Privacy"},"content":{"rendered":"<p>\t\t\t\t<strong>1. PERCHE\u2019 QUESTO AVVISO<\/strong><br \/>\nIn questa pagina si descrivono le modalit\u00e0 di gestione del sito in riferimento al trattamento dei dati personali degli utenti che lo consultano.<br \/>\nSi tratta di un\u2019informativa che \u00e8 resa anche ai sensi dell&#8217;art. 13 del D.lgs. n. 196\/2003 &#8211; Codice in materia di protezione dei dati personali a coloro che interagiscono con i servizi di Dimai Alberto, accessibili per via telematica a partire dall\u2019indirizzo: www.cortinascia.it corrispondente alla pagina iniziale del sito ufficiale del sito web.<br \/>\nL\u2019informativa si ispira anche alla Raccomandazione n. 2\/2001 che le autorit\u00e0 europee per la protezione dei dati personali, riunite nel Gruppo istituito dall\u2019art. 29 della direttiva n. 95\/46\/CE, hanno adottato il 17 maggio 2001 per individuare alcuni requisiti minimi per la raccolta di dati personali on-line, e, in particolare, le modalit\u00e0, i tempi e la natura delle informazioni che i titolari del trattamento devono fornire agli utenti quando questi si collegano a pagine web, indipendentemente dagli scopi del collegamento.<br \/>\nLa Raccomandazione e una descrizione di sintesi delle sue finalit\u00e0 sono riportate in altre pagine di questo sito.<\/p>\n<p><strong>2. IL \u201cTITOLARE\u201d DEL TRATTAMENTO<\/strong><br \/>\nA seguito della consultazione di questo sito possono essere trattati dati relativi a persone identificate o identificabili.<br \/>\nIl \u201ctitolare\u201d del loro trattamento \u00e8\u00a0Dimai Alberto\u00a0corrente in\u00a0Via del Castello, 169 &#8211; Cortina d&#8217;Ampezzo &#8211; BL\u00a0&#8211; Italy, \u00e8 il Titolare del trattamento dei dati personali da te forniti.<\/p>\n<p><strong>3. LUOGO DI TRATTAMENTO DEI DATI<\/strong><br \/>\nI trattamenti connessi ai servizi web di questo sito hanno luogo presso la predetta sede e sono curati solo da personale inserito nel DPS (Documento Programmatico sulla Sicurezza) di cui si \u00e8 dotato S.C.I.A. Cortina e i cui contenuti possono essere richiesti tramite e-mail all\u2019indirizzo:\u00a0<a href=\"mailto:sciasrl@tiscali.it\">sciasrl@tiscali.it<\/a>.<br \/>\nNessun dato derivante dal servizio web viene comunicato o diffuso se non con l\u2019autorizzazione dell\u2019utente.<br \/>\nI dati personali forniti dagli utenti che inoltrano richieste di invio di e-mail sono utilizzati al solo fine di eseguire i servizi o la prestazione richiesta.<\/p>\n<p><strong>4. TIPI DI DATI TRATTATI<\/strong><br \/>\n<em>4.1. Dati di navigazione<\/em><br \/>\nI sistemi informatici e le procedure software preposte al funzionamento di questo sito web acquisiscono, nel corso del loro normale esercizio, alcuni dati personali la cui trasmissione \u00e8 implicita nell\u2019uso dei protocolli di comunicazione di Internet.<br \/>\nSi tratta di informazioni che non sono raccolte per essere associate a interessati identificati, ma che per loro stessa natura potrebbero, attraverso elaborazioni ed associazioni con dati detenuti da terzi, permettere di identificare gli utenti.<br \/>\nIn questa categoria di dati rientrano gli indirizzi IP o i nomi a dominio dei computer utilizzati dagli utenti che si connettono al sito, gli indirizzi in notazione URI (Uniform Resource Identifier) delle risorse richieste, l\u2019orario della richiesta, il metodo utilizzato nel sottoporre la richiesta al server, la dimensione del file ottenuto in risposta, il codice numerico indicante lo stato della risposta data dal server (buon fine, errore, ecc.) ed altri parametri relativi al sistema operativo e all\u2019ambiente informatico dell\u2019utente.<br \/>\nQuesti dati vengono utilizzati al solo fine di ricavare informazioni statistiche anonime sull\u2019uso del sito e per controllarne il corretto funzionamento e vengono cancellati immediatamente dopo l\u2019elaborazione. I dati potrebbero essere utilizzati per l\u2019accertamento di responsabilit\u00e0 in caso di ipotetici reati informatici ai danni del sito.<\/p>\n<p><em>4.2. Dati forniti volontariamente dall\u2019utente<\/em><br \/>\nL\u2019invio facoltativo, esplicito e volontario di posta elettronica agli indirizzi indicati su questo sito comporta la successiva acquisizione dell\u2019indirizzo del mittente, necessario per rispondere alle richieste, nonch\u00e9 degli eventuali altri dati personali inseriti nella missiva.<br \/>\nSpecifiche informative di sintesi verranno progressivamente riportate o visualizzate nelle pagine del sito predisposte per particolari servizi a richiesta.<\/p>\n<p><strong>4.3. COOKIES<\/strong><br \/>\nNessun dato personale degli utenti viene in proposito acquisito dal sito.<br \/>\nNon viene fatto uso di cookies per la trasmissione di informazioni di carattere personale, n\u00e9 vengono utilizzati c.d. cookies persistenti di alcun tipo, ovvero sistemi per il tracciamento degli utenti.<br \/>\nL\u2019uso di c.d. cookies di sessione (che non vengono memorizzati in modo persistente sul computer dell\u2019utente e svaniscono con la chiusura del browser) \u00e8 strettamente limitato alla trasmissione di identificativi di sessione (costituiti da numeri casuali generati dal server) necessari per consentire l\u2019esplorazione sicura ed efficiente del sito.<br \/>\nI c.d. cookies di sessione utilizzati in questo sito evitano il ricorso ad altre tecniche informatiche potenzialmente pregiudizievoli per la riservatezza della navigazione degli utenti e non consentono l\u2019acquisizione di dati personali identificativi dell\u2019utente.<\/p>\n<p><strong>5. FACOLTATIVITA\u2019 DEL CONFERIMENTO DEI DATI<\/strong><br \/>\nA parte quanto specificato per i dati di navigazione, l\u2019utente \u00e8 libero di fornire i dati personali riportati nei moduli di richiesta.<br \/>\nIl loro mancato conferimento pu\u00f2, a volte, comportare l\u2019impossibilit\u00e0 di ottenere quanto richiesto (esempio: nick name ed indirizzo e-mail per la registrazione).<br \/>\nPer completezza va ricordato che in alcuni casi (non oggetto dell\u2019ordinaria gestione di questo sito) l\u2019Autorit\u00e0 pu\u00f2 richiedere notizie e informazioni ai sensi dell&#8217;art 157 del d.lgs. n. 196\/2003, ai fini del controllo sul trattamento dei dati personali. In questi casi la risposta \u00e8 obbligatoria a pena di sanzione amministrativa.<\/p>\n<p><strong>6. MODALITA\u2019 DEL TRATTAMENTO<\/strong><br \/>\nIl trattamento \u00e8 improntato ai principi di correttezza, liceit\u00e0, trasparenza e tutela della riservatezza e dei diritti del visitatore.<br \/>\nI dati personali sono trattati con strumenti automatizzati per il tempo strettamente necessario a conseguire gli scopi per cui sono stati raccolti.<br \/>\nSpecifiche misure di sicurezza sono osservate per prevenire la perdita dei dati, usi illeciti o non corretti ed accessi non autorizzati.<\/p>\n<p><strong>7. DIRITTI DEGLI INTERESSATI<\/strong><br \/>\nI soggetti cui si riferiscono i dati personali hanno il diritto in qualunque momento di ottenere la conferma dell\u2019esistenza o meno dei medesimi dati e di conoscerne il contenuto e l\u2019origine, verificarne l\u2019esattezza o chiederne l\u2019integrazione o l\u2019aggiornamento, oppure la rettificazione (art. 7 del d.lgs. n. 196\/2003).<br \/>\nAi sensi del medesimo articolo si ha il diritto di chiedere la cancellazione, la trasformazione in forma anonima o il blocco dei dati trattati in violazione di legge, nonch\u00e9 di opporsi in ogni caso, per motivi legittimi, al loro trattamento.<\/p>\n<p>P3P<br \/>\nLa presente informativa sulla privacy \u00e8 consultabile in forma automatica dai pi\u00f9 recenti browser che implementano lo standard P3P (\u201cPlatform for Privacy Preferences Project\u201d) proposto dal World Wide Web Consortium ( www.w3c.org ).<br \/>\nOgni sforzo verr\u00e0 fatto per rendere il pi\u00f9 possibile interoperabili le funzionalit\u00e0 di questo sito con i meccanismi di controllo automatico della privacy disponibili in alcuni prodotti utilizzati dagli utenti.<br \/>\nConsiderando che lo stato di perfezionamento dei meccanismi automatici di controllo non li rende attualmente esenti da errori e disfunzioni, si precisa che il presente documento, raggiungibile attraverso il link \u201cprivacy policy del sito\u201d sar\u00e0 soggetta ad aggiornamenti (restano le varie versioni consultabili al medesimo indirizzo).<\/p>\n<p>S.C.I.A. Cortina\t\t<\/p>\n","protected":false},"excerpt":{"rendered":"<p>1. PERCHE\u2019 QUESTO AVVISO In questa pagina si descrivono le modalit\u00e0 di gestione del sito in riferimento al trattamento dei dati personali degli utenti che lo consultano. Si tratta di un\u2019informativa che \u00e8 resa anche ai sensi dell&#8217;art. 13 del D.lgs. n. 196\/2003 &#8211; Codice in materia di protezione dei dati personali a coloro che [&hellip;]<\/p>\n","protected":false},"author":2,"featured_media":0,"parent":0,"menu_order":0,"comment_status":"open","ping_status":"open","template":"","meta":{"_et_pb_use_builder":"","_et_pb_old_content":"","_et_gb_content_width":""},"_links":{"self":[{"href":"https:\/\/cortinascia.it\/index.php\/wp-json\/wp\/v2\/pages\/65"}],"collection":[{"href":"https:\/\/cortinascia.it\/index.php\/wp-json\/wp\/v2\/pages"}],"about":[{"href":"https:\/\/cortinascia.it\/index.php\/wp-json\/wp\/v2\/types\/page"}],"author":[{"embeddable":true,"href":"https:\/\/cortinascia.it\/index.php\/wp-json\/wp\/v2\/users\/2"}],"replies":[{"embeddable":true,"href":"https:\/\/cortinascia.it\/index.php\/wp-json\/wp\/v2\/comments?post=65"}],"version-history":[{"count":0,"href":"https:\/\/cortinascia.it\/index.php\/wp-json\/wp\/v2\/pages\/65\/revisions"}],"wp:attachment":[{"href":"https:\/\/cortinascia.it\/index.php\/wp-json\/wp\/v2\/media?parent=65"}],"curies":[{"name":"wp","href":"https:\/\/api.w.org\/{rel}","templated":true}]}}